{"id":498,"date":"2018-03-21T11:33:57","date_gmt":"2018-03-21T11:33:57","guid":{"rendered":"http:\/\/rdatirana.al\/?page_id=498"},"modified":"2018-03-21T11:39:40","modified_gmt":"2018-03-21T11:39:40","slug":"sherbime-trajnimesh","status":"publish","type":"page","link":"https:\/\/rdatirana.al\/?page_id=498&lang=sq","title":{"rendered":"SH\u00cbRBIME TRAJNIMESH"},"content":{"rendered":"<p>N\u00eb ndergjegjshem per rolin qendror t\u00eb faktorit njer\u00ebzor p\u00ebr suksesin e nj\u00eb kompanie, ARZH Tiran\u00eb i kushton rendesi te madhe aktiviteteve te trajnimit p\u00ebr njer\u00ebzit, biznesmenet e ri, dhe organizatat (OJQ). Aktivitetet e trajnimit jane kryer n\u00eb bashk\u00ebpunim me projektin e GTZ, ETF, UNDP-ja, BE dhe me USAID-in, etj. Q\u00ebllimi kryesor i programeve \u00ebsht\u00eb q\u00eb t\u00eb ndihmojn\u00eb pjes\u00ebmarr\u00ebsit n\u00eb menaxhimin e biznesit dhe situatave te ndryshme. Jane trajtuar nj\u00eb gam\u00eb t\u00eb gjer\u00eb e kurseve t\u00eb trajnimit:<\/p>\n<p>Kurse p\u00ebr njer\u00ebzit n\u00eb k\u00ebrkim te nj\u00eb pune: ata jan\u00eb t\u00eb dizajnuara p\u00ebr njerez t\u00eb diplomuar, por t\u00eb papun\u00eb t\u00eb tilla. Keto kurse perfshijne:<\/p>\n<p>\u2022\u00a0Kurse profesionale<br \/>\n\u2022\u00a0Kurse Kompjuteri<\/p>\n<p>Kurse p\u00ebr nd\u00ebrmarr\u00ebsit e rinj t\u00eb cil\u00ebt d\u00ebshirojn\u00eb p\u00ebr t\u00eb ngritur nd\u00ebrmarrjet e tyre. Ata jan\u00eb t\u00eb dizajnuara posa\u00e7\u00ebrisht p\u00ebr njer\u00ebzit q\u00eb kan\u00eb nj\u00eb projekt p\u00ebr t\u00eb ngritur biznesin e tyre dhe u mungojn\u00eb aft\u00ebsit\u00eb e nevojshme menaxheriale. Disa tituj kursesh jan\u00eb:<\/p>\n<p>\u2022\u00a0Filloni biznesin tuaj<br \/>\n\u2022\u00a0Kurse Motivimi<br \/>\n\u2022\u00a0Kurse vet\u00eb-pun\u00ebsimi etj<\/p>\n<p>Kurse p\u00ebr menaxher\u00ebt dhe nd\u00ebrmarr\u00ebsit privat\u00eb. Ato jan\u00eb t\u00eb dizajnuara p\u00ebr njer\u00ebzit q\u00eb jan\u00eb apo do t\u00eb em\u00ebrohen n\u00eb funksione komb\u00ebtare dhe nd\u00ebrkomb\u00ebtare p\u00ebr t&#8217;i dh\u00ebn\u00eb atyre korniza t\u00eb reja p\u00ebr konsolidimin e aft\u00ebsive ekzistuese dhe rritjen e kompetenc\u00ebn e tyre n\u00eb problemet themelore t\u00eb shk\u00ebmbimeve komb\u00ebtare dhe nd\u00ebrkomb\u00ebtare t\u00eb mallrave dhe sh\u00ebrbimeve . Disa tituj kursesh jan\u00eb:<\/p>\n<p>\u2022\u00a0Permiresimi i biznesit tuaj<br \/>\n\u2022\u00a0Marketingu dhe kostoja<br \/>\n\u2022\u00a0Planifikimi i biznesit, etj<\/p>\n<p>Kurse p\u00ebr trajneret e rinj (TOT). Ato jan\u00eb t\u00eb dizajnuara p\u00ebr ekspert\u00ebt t\u00eb cil\u00ebt do t\u00eb em\u00ebrohen p\u00ebr t\u00eb trajnuar n\u00eb nivel t\u00eb nd\u00ebrmarrjeve. Disa tituj kursesh jan\u00eb:<\/p>\n<p>\u2022\u00a0P\u00ebrmir\u00ebsimi i teknikave t\u00eb konsulenc\u00ebs.<br \/>\n\u2022\u00a0Misioni dhe karakteristikat e trajnimit.<br \/>\n\u2022\u00a0Organizimi dhe funksionimi i qendrave t\u00eb trajnimit.<br \/>\n\u2022\u00a0Programet e kompjuterizuara t\u00eb procesit te huadhenies etj<\/p>\n<p>Zhvillimi dhe Asistence per Q\u00ebndrueshm\u00ebrine e OJQ-ve: ARZH Tiran\u00eb ndihmon OJQ te tjera n\u00eb ngritjen e kapaciteteve t\u00eb tyre.<\/p>\n<p>Kurse p\u00ebr Pushtetin Vendor: ARZH Tiran\u00eb ndihmon dhe siguron asistenc\u00eb teknike dhe trajnim ne pune p\u00ebr stafin e komunave te ndryshme mbi nj\u00eb s\u00ebr\u00eb \u00e7\u00ebshtjesh, duke p\u00ebrfshir\u00eb mbledhjen e tatimeve, ofrimin e sh\u00ebrbimeve, etj<\/p>\n","protected":false},"excerpt":{"rendered":"<p>N\u00eb ndergjegjshem per rolin qendror t\u00eb faktorit njer\u00ebzor p\u00ebr suksesin e nj\u00eb kompanie, ARZH Tiran\u00eb i kushton rendesi te madhe aktiviteteve te trajnimit p\u00ebr njer\u00ebzit, biznesmenet e ri, dhe organizatat (OJQ). Aktivitetet e trajnimit jane kryer n\u00eb bashk\u00ebpunim me projektin e GTZ, ETF, UNDP-ja, BE dhe me USAID-in, etj. Q\u00ebllimi kryesor i programeve \u00ebsht\u00eb q\u00eb<span class=\"excerpt-hellip\"> [\u2026]<\/span><\/p>\n","protected":false},"author":2,"featured_media":0,"parent":0,"menu_order":0,"comment_status":"closed","ping_status":"closed","template":"","meta":{"footnotes":""},"class_list":["post-498","page","type-page","status-publish","hentry"],"_links":{"self":[{"href":"https:\/\/rdatirana.al\/index.php?rest_route=\/wp\/v2\/pages\/498","targetHints":{"allow":["GET"]}}],"collection":[{"href":"https:\/\/rdatirana.al\/index.php?rest_route=\/wp\/v2\/pages"}],"about":[{"href":"https:\/\/rdatirana.al\/index.php?rest_route=\/wp\/v2\/types\/page"}],"author":[{"embeddable":true,"href":"https:\/\/rdatirana.al\/index.php?rest_route=\/wp\/v2\/users\/2"}],"replies":[{"embeddable":true,"href":"https:\/\/rdatirana.al\/index.php?rest_route=%2Fwp%2Fv2%2Fcomments&post=498"}],"version-history":[{"count":1,"href":"https:\/\/rdatirana.al\/index.php?rest_route=\/wp\/v2\/pages\/498\/revisions"}],"predecessor-version":[{"id":499,"href":"https:\/\/rdatirana.al\/index.php?rest_route=\/wp\/v2\/pages\/498\/revisions\/499"}],"wp:attachment":[{"href":"https:\/\/rdatirana.al\/index.php?rest_route=%2Fwp%2Fv2%2Fmedia&parent=498"}],"curies":[{"name":"wp","href":"https:\/\/api.w.org\/{rel}","templated":true}]}}