{"id":496,"date":"2018-03-21T11:32:55","date_gmt":"2018-03-21T11:32:55","guid":{"rendered":"http:\/\/rdatirana.al\/?page_id=496"},"modified":"2018-05-20T10:10:39","modified_gmt":"2018-05-20T10:10:39","slug":"studime-tregu","status":"publish","type":"page","link":"https:\/\/rdatirana.al\/?page_id=496&lang=sq","title":{"rendered":"Studime Tregu"},"content":{"rendered":"<p>Tirana RDA ka nj\u00eb p\u00ebrvoj\u00eb t\u00eb pasur n\u00eb kryerjen e studimeve t\u00eb tregut. Gjat\u00eb 19 viteve t\u00eb jet\u00ebs s\u00eb saj, AZHR, bazuar n\u00eb bashk\u00ebpunimin me programet e donator\u00ebve, organizatat lokale, kompanit\u00eb private etj, ka analizuar \/ vler\u00ebsuar sektor\u00eb t\u00eb ndrysh\u00ebm, tregje, produkte dhe sh\u00ebrbime. Shumica e studimeve t\u00eb tilla ri-prodhohen \/ ri-vler\u00ebsohen n\u00eb baz\u00eb t\u00eb k\u00ebrkesave nga kompanit\u00eb \/ bankat ose individ\u00ebt. Ju lutemi t\u00eb kontaktoni AZHR-n\u00eb p\u00ebr kopjet e k\u00ebtyre studimeve ose informacionin koherent lidhur me segmentet \/ tregjet dhe produktet specifike.<\/p>\n<p>&nbsp;<\/p>\n<p>Sh\u00ebnim: Duke klikuar mbi linkun e dokumentit juve do t&#8217;ju hapet vet\u00ebm nj\u00eb fragment i shkurt\u00ebr i tij. N\u00ebse jeni t\u00eb interesuar p\u00ebr t\u00eb gjith\u00eb materialin studimor, mos hezitoni t\u00eb na kontaktoni.<\/p>\n<p><a href=\"http:\/\/rdatirana.al\/wp-content\/uploads\/2018\/05\/DAZK-Studimlate.pdf\">Programi i P\u00ebrkujdesjeve ditore p\u00ebr periudh\u00ebn 2001-2004 <\/a><a href=\"http:\/\/rdatirana.al\/wp-content\/uploads\/2018\/03\/DAZK-Studimlate.pdf\"><br \/>\n<\/a><a href=\"http:\/\/rdatirana.al\/wp-content\/uploads\/2018\/05\/Studimi-i-Peshkut-date-23-Qershor.pdf\" target=\"_blank\" rel=\"noopener\">Studimi i Peshkut, date 23 Qershor<\/a><a href=\"http:\/\/rdatirana.al\/wp-content\/uploads\/2018\/03\/DAZK-Studimlate.pdf\"><br \/>\n<\/a><a href=\"http:\/\/rdatirana.al\/wp-content\/uploads\/2018\/05\/INFORMAC.HEKUR24marsENG.pdf\" target=\"_blank\" rel=\"noopener\">Studimi i hekurit ne Shqiperi, Mars 2003http:\/\/rdatirana.al\/wp-content\/uploads\/2018\/03\/DAZK-Studimlate.pdf<\/a><a href=\"http:\/\/rdatirana.al\/wp-content\/uploads\/2018\/03\/DAZK-Studimlate.pdf\"><br \/>\n<\/a><a href=\"http:\/\/rdatirana.al\/wp-content\/uploads\/2018\/05\/PB-Studim-Tregu-Eng-MBM.pdf\" target=\"_blank\" rel=\"noopener\">PB &amp; Studim Tregu MBM<\/a><a href=\"http:\/\/rdatirana.al\/wp-content\/uploads\/2018\/03\/DAZK-Studimlate.pdf\"><br \/>\n<\/a><a href=\"http:\/\/rdatirana.al\/wp-content\/uploads\/2018\/05\/Studim-Produkte-ICE-fin-2-shkurt-2013.pdf\" target=\"_blank\" rel=\"noopener\">Analize e shperndarjes se produkteve ushqimore, ne vecanti te produkteve italiane, 2 shkurt 2013<\/a><a href=\"http:\/\/rdatirana.al\/wp-content\/uploads\/2018\/03\/DAZK-Studimlate.pdf\"><br \/>\n<\/a><a href=\"http:\/\/rdatirana.al\/wp-content\/uploads\/2018\/05\/Studim-Thase-Letre-e-qese-Mars-2011.pdf\" target=\"_blank\" rel=\"noopener\">Studim mbi Thase Letra e qese, Mars 2011<\/a><a href=\"http:\/\/rdatirana.al\/wp-content\/uploads\/2018\/03\/DAZK-Studimlate.pdf\"><br \/>\n<\/a><a href=\"http:\/\/rdatirana.al\/wp-content\/uploads\/2018\/05\/Studim-tregu-DAULLJA-shpk-Qershor-09.pdf\" target=\"_blank\" rel=\"noopener\">Studim tregu i tubave te polietilenit dhe aksesoreve te tyre, DAULLJA shpk, Qershor 09<\/a><a href=\"http:\/\/rdatirana.al\/wp-content\/uploads\/2018\/03\/DAZK-Studimlate.pdf\"><br \/>\n<\/a><a href=\"http:\/\/rdatirana.al\/wp-content\/uploads\/2018\/05\/studim-tregu-fari-complete.pdf\" target=\"_blank\" rel=\"noopener\">Studim tregu fari-complete<\/a><a href=\"http:\/\/rdatirana.al\/wp-content\/uploads\/2018\/03\/DAZK-Studimlate.pdf\"><br \/>\n<\/a><a href=\"http:\/\/rdatirana.al\/wp-content\/uploads\/2018\/05\/Studim-tregu-komplesesh-sportive-alb.pdf\" target=\"_blank\" rel=\"noopener\">Studim tregu komplekseve sportive<\/a><a href=\"http:\/\/rdatirana.al\/wp-content\/uploads\/2018\/03\/DAZK-Studimlate.pdf\"><br \/>\n<\/a><a href=\"http:\/\/rdatirana.al\/wp-content\/uploads\/2018\/05\/Studim-Tregu-FORDI.pdf\" target=\"_blank\" rel=\"noopener\">Studim Tregu FORDI<\/a><a href=\"http:\/\/rdatirana.al\/wp-content\/uploads\/2018\/03\/DAZK-Studimlate.pdf\"><br \/>\n<\/a><a href=\"http:\/\/rdatirana.al\/wp-content\/uploads\/2018\/05\/Studim-tregu-imputeve-ne-Shqiperifig.pdf\" target=\"_blank\" rel=\"noopener\">Studim tregu inputeve ne Shqiperi+fig<\/a><a href=\"http:\/\/rdatirana.al\/wp-content\/uploads\/2018\/03\/DAZK-Studimlate.pdf\"><br \/>\n<\/a><a href=\"http:\/\/rdatirana.al\/wp-content\/uploads\/2018\/05\/Studim-tregu-Interbrand-shqip-FINAL.pdf\" target=\"_blank\" rel=\"noopener\">Studim tregu Interbrand<\/a><a href=\"http:\/\/rdatirana.al\/wp-content\/uploads\/2018\/03\/DAZK-Studimlate.pdf\"><br \/>\n<\/a><a href=\"http:\/\/rdatirana.al\/wp-content\/uploads\/2018\/05\/Studim-Tregu-Vere-Vreshta_15korrik-2014.pdf\" target=\"_blank\" rel=\"noopener\">Studim Tregu Vere Vreshta, 15korrik 2014<\/a><a href=\"http:\/\/rdatirana.al\/wp-content\/uploads\/2018\/03\/DAZK-Studimlate.pdf\"><br \/>\n<\/a><a href=\"http:\/\/rdatirana.al\/wp-content\/uploads\/2018\/05\/Studim_Ndert_-Shkoder_Final_Shqip_-Dorez.pdf\" target=\"_blank\" rel=\"noopener\">Studim i tregut te ndertimeve te banesave ne qytetin e Shkodres<\/a><a href=\"http:\/\/rdatirana.al\/wp-content\/uploads\/2018\/03\/DAZK-Studimlate.pdf\"><br \/>\n<\/a><a href=\"http:\/\/rdatirana.al\/wp-content\/uploads\/2018\/05\/Studimi-i-salces-i-rishikuar-nga-Maksit-26-Qershor.pdf\" target=\"_blank\" rel=\"noopener\">Studim tregu per produktet e perpunimit te domates ne Shqiperi, 26 Qershor<\/a><a href=\"http:\/\/rdatirana.al\/wp-content\/uploads\/2018\/03\/DAZK-Studimlate.pdf\"><br \/>\n<\/a><a href=\"http:\/\/rdatirana.al\/wp-content\/uploads\/2018\/05\/STUDIMI-I-SEKTORIT-TE-NDERTIMIT-FINAL.pdf\" target=\"_blank\" rel=\"noopener\">Studimi i sektorit te ndertimit<\/a><a href=\"http:\/\/rdatirana.al\/wp-content\/uploads\/2018\/03\/DAZK-Studimlate.pdf\"><br \/>\n<\/a><a href=\"http:\/\/rdatirana.al\/wp-content\/uploads\/2018\/05\/Studimi-i-Tregut-Fermave-Lopeve.pdf\" target=\"_blank\" rel=\"noopener\">Studimi i tregut te fermave te lopeve<\/a><a href=\"http:\/\/rdatirana.al\/wp-content\/uploads\/2018\/03\/DAZK-Studimlate.pdf\"><br \/>\n<\/a><a href=\"http:\/\/rdatirana.al\/wp-content\/uploads\/2018\/05\/studimper-shkolla-jo-publike-final.pdf\" target=\"_blank\" rel=\"noopener\">Studim per shkollat jo publike<\/a><a href=\"http:\/\/rdatirana.al\/wp-content\/uploads\/2018\/03\/DAZK-Studimlate.pdf\"><br \/>\n<\/a><a href=\"http:\/\/rdatirana.al\/wp-content\/uploads\/2018\/05\/Studimi-i-Plastikes-Qershor07.pdf\" target=\"_blank\" rel=\"noopener\">Studimi i Plastikes, Qershor 2007<\/a><\/p>\n","protected":false},"excerpt":{"rendered":"<p>Tirana RDA ka nj\u00eb p\u00ebrvoj\u00eb t\u00eb pasur n\u00eb kryerjen e studimeve t\u00eb tregut. Gjat\u00eb 19 viteve t\u00eb jet\u00ebs s\u00eb saj, AZHR, bazuar n\u00eb bashk\u00ebpunimin me programet e donator\u00ebve, organizatat lokale, kompanit\u00eb private etj, ka analizuar \/ vler\u00ebsuar sektor\u00eb t\u00eb ndrysh\u00ebm, tregje, produkte dhe sh\u00ebrbime. Shumica e studimeve t\u00eb tilla ri-prodhohen \/ ri-vler\u00ebsohen n\u00eb baz\u00eb t\u00eb<span class=\"excerpt-hellip\"> [\u2026]<\/span><\/p>\n","protected":false},"author":2,"featured_media":0,"parent":0,"menu_order":0,"comment_status":"closed","ping_status":"closed","template":"","meta":{"footnotes":""},"class_list":["post-496","page","type-page","status-publish","hentry"],"_links":{"self":[{"href":"https:\/\/rdatirana.al\/index.php?rest_route=\/wp\/v2\/pages\/496","targetHints":{"allow":["GET"]}}],"collection":[{"href":"https:\/\/rdatirana.al\/index.php?rest_route=\/wp\/v2\/pages"}],"about":[{"href":"https:\/\/rdatirana.al\/index.php?rest_route=\/wp\/v2\/types\/page"}],"author":[{"embeddable":true,"href":"https:\/\/rdatirana.al\/index.php?rest_route=\/wp\/v2\/users\/2"}],"replies":[{"embeddable":true,"href":"https:\/\/rdatirana.al\/index.php?rest_route=%2Fwp%2Fv2%2Fcomments&post=496"}],"version-history":[{"count":4,"href":"https:\/\/rdatirana.al\/index.php?rest_route=\/wp\/v2\/pages\/496\/revisions"}],"predecessor-version":[{"id":700,"href":"https:\/\/rdatirana.al\/index.php?rest_route=\/wp\/v2\/pages\/496\/revisions\/700"}],"wp:attachment":[{"href":"https:\/\/rdatirana.al\/index.php?rest_route=%2Fwp%2Fv2%2Fmedia&parent=496"}],"curies":[{"name":"wp","href":"https:\/\/api.w.org\/{rel}","templated":true}]}}